


{"id":2,"date":"2017-06-13T17:15:43","date_gmt":"2017-06-13T15:15:43","guid":{"rendered":"http:\/\/jullianbauduin.com\/?page_id=2"},"modified":"2018-09-18T11:56:52","modified_gmt":"2018-09-18T09:56:52","slug":"page-d-exemple","status":"publish","type":"page","link":"https:\/\/www.jullianbauduin.com\/en\/","title":{"rendered":"Welcome"},"content":{"rendered":"<p><span id=\"result_box\" class=\"\" lang=\"en\"><span title=\"Bienvenu sur le site de l\u2019atelier de Jullian Bauduin \"><strong>Welcome to the site of the workshop of Jullian Bauduin<\/strong><\/span><\/span><\/p>\n<p><span title=\"Apr\u00e8s plusieurs ann\u00e9es consacr\u00e9es \u00e0 l\u2019accord et l\u2019entretien des pianos pour de nombreux clients et institutions, mon int\u00e9r\u00eat et ma passion pour les instruments anciens m\u2019ont amen\u00e9 \u00e0 m\u2019investir pleinement dans la restauration des clavecins et pianofortes. \">After several years devoted to the tuning and maintenance of pianos for many clients and institutions, my interest and my passion for period instruments have led me to fully dedicate my time tothe restoration of harpsichords and pianofortes.<\/span><\/p>\n<p><span title=\"Ces instruments fragiles souffrent parfois des ann\u00e9es, des transports, des heures d\u2019\u00e9tudes, ainsi que des conditions de conservation qui leurs sont r\u00e9serv\u00e9s. \">These fragile instruments sometimes suffer for years, frequent transport and frequent use, as well as the lack of conservation and restoration that are required.<\/span><\/p>\n<p><span title=\"Fabriqu\u00e9s avec talent par leurs concepteurs, ces instruments m\u00e9ritent une nouvelle jeunesse.\">Manufactured with talent by their designers, these instruments deserve a second chance. <\/span><span title=\"En lien avec le client, ma mission est de redonner \u00e0 ces instruments un nouvel \u00e9lan, tout en gardant les caract\u00e9ristiques qui leurs sont propres.\">In collaboration with the client, my goal is to give back to these instruments a new lease of life, while retaining the characteristics that are unique to them. <\/span><span title=\"Je m\u2019attelle \u00e0 toujours utiliser les mat\u00e9riaux les plus nobles ainsi que des techniques de restaurations qui respectent le travail de mes coll\u00e8gues. \">I always try to use the most authentic materials as well as restoration techniques that respect the work of my colleagues.<\/span><\/p>\n<p><span title=\"Mes accords de clavecins et pianofortes m\u2019ont permis de rencontrer : \">My harpsichord and pianoforte\u00a0<span title=\"Apr\u00e8s plusieurs ann\u00e9es consacr\u00e9es \u00e0 l\u2019accord et l\u2019entretien des pianos pour de nombreux clients et institutions, mon int\u00e9r\u00eat et ma passion pour les instruments anciens m\u2019ont amen\u00e9 \u00e0 m\u2019investir pleinement dans la restauration des clavecins et pianofortes. \">tuning<\/span> allowed me to meet:<br \/>\n<\/span><span title=\"Olivier Baumont, B\u00e9atrice Martin, Fran\u00e7oise Lengell\u00e9, Michel Kiener, Violaine Cochard, Maud Gratton, Jean Rondeau, Aline Zylberajch, Martin Gester, Fran\u00e7ois-Ren\u00e9 Duch\u00e2ble, Edouard Ferlet, Jean-Fran\u00e7ois Zygel\u2026 \">Olivier Baumont, B\u00e9atrice Martin, Fran\u00e7oise Lengell\u00e9, Michel Kiener, Maud Gratton, Jean Rondeau, Aline Zylberajch, Martin Gester, Fran\u00e7ois-Ren\u00e9 Duch\u00e2ble, Edouard Ferlet, Jean-Fran\u00e7ois Zygel<br \/>\n<\/span><span title=\"Les \u00e9changes que j\u2019ai avec ces musiciens passionnants et enthousiastes apportent une richesse suppl\u00e9mentaire \u00e0 mon m\u00e9tier de facteur.\">The exchanges that I have with these passionate\u00a0 and enthusiastic musicians bring an additional richness to my profession of harpsichord maker.<\/span><\/p>\n<p>&nbsp;<\/p>\n<p><iframe loading=\"lazy\" width=\"560\" height=\"315\" src=\"https:\/\/www.youtube.com\/embed\/sPJfn7aVQDU\" frameborder=\"0\" allow=\"autoplay; encrypted-media\" allowfullscreen><\/iframe><\/p>\n<p>&nbsp;<\/p>\n","protected":false},"excerpt":{"rendered":"<p>Welcome to the site of the workshop of Jullian Bauduin After several years devoted to the tuning and maintenance of pianos for many clients and institutions, my interest and my passion for period instruments have led me to fully dedicate my time tothe restoration of harpsichords and pianofortes. These fragile instruments sometimes suffer for years, &hellip; <\/p>\n<p class=\"link-more\"><a href=\"https:\/\/www.jullianbauduin.com\/en\/\" class=\"more-link\">Continue reading<span class=\"screen-reader-text\"> &#8220;Welcome&#8221;<\/span><\/a><\/p>\n","protected":false},"author":1,"featured_media":0,"parent":0,"menu_order":10,"comment_status":"closed","ping_status":"closed","template":"","meta":{"footnotes":""},"class_list":["post-2","page","type-page","status-publish","hentry"],"_links":{"self":[{"href":"https:\/\/www.jullianbauduin.com\/en\/wp-json\/wp\/v2\/pages\/2","targetHints":{"allow":["GET"]}}],"collection":[{"href":"https:\/\/www.jullianbauduin.com\/en\/wp-json\/wp\/v2\/pages"}],"about":[{"href":"https:\/\/www.jullianbauduin.com\/en\/wp-json\/wp\/v2\/types\/page"}],"author":[{"embeddable":true,"href":"https:\/\/www.jullianbauduin.com\/en\/wp-json\/wp\/v2\/users\/1"}],"replies":[{"embeddable":true,"href":"https:\/\/www.jullianbauduin.com\/en\/wp-json\/wp\/v2\/comments?post=2"}],"version-history":[{"count":13,"href":"https:\/\/www.jullianbauduin.com\/en\/wp-json\/wp\/v2\/pages\/2\/revisions"}],"predecessor-version":[{"id":272,"href":"https:\/\/www.jullianbauduin.com\/en\/wp-json\/wp\/v2\/pages\/2\/revisions\/272"}],"wp:attachment":[{"href":"https:\/\/www.jullianbauduin.com\/en\/wp-json\/wp\/v2\/media?parent=2"}],"curies":[{"name":"wp","href":"https:\/\/api.w.org\/{rel}","templated":true}]}}